{"id":1260,"date":"2025-08-20T10:41:26","date_gmt":"2025-08-20T08:41:26","guid":{"rendered":"https:\/\/hhareexport.com\/?post_type=product&#038;p=1260"},"modified":"2026-01-12T13:12:11","modified_gmt":"2026-01-12T12:12:11","slug":"used-voss-keramikhall-vkk60010hv","status":"publish","type":"product","link":"https:\/\/hhareexport.com\/se\/sv\/p\/used-voss-keramikhall-vkk60010hv\/","title":{"rendered":"USED- VOSS keramikh\u00e4ll VKK60010HV"},"content":{"rendered":"<p><strong>VOSS inbyggnadsugn ELK12023HV, en glaskeramisk frist\u00e5ende spis i vitt med 4 HiLight-h\u00e4llar, stort MaxiKlasse\u2122 ugnsutrymme med ThermiC\u00b0Air varmluft, Isofront Plus kyld\u00f6rr och praktiska funktioner som Pizza, Turbo-grill och magasinl\u00e5da &#8211; b\u00e5de rymlig och anv\u00e4ndarv\u00e4nlig.<\/strong><\/p>\n<p><strong>Specifikationer och funktioner<\/strong><\/p>\n<dl class=\"grid grid-cols-2 py-1 gap-4\">\n<dt><span class=\"font-body text-sm lg:text-base break-words hyphens-auto align-top text-pretty\"><strong>Produkttyp<\/strong>: <\/span>Spis<\/dt>\n<\/dl>\n<dl class=\"grid grid-cols-2 py-1 gap-4\">\n<dt><span class=\"font-body text-sm lg:text-base break-words hyphens-auto align-top text-pretty\"><strong>Typ av ugnsuppv\u00e4rmning<\/strong>: Keramisk &#8211; elektrisk<\/span><\/dt>\n<\/dl>\n<p><strong>Installationstyp<\/strong>: Frist\u00e5ende<\/p>\n<p><strong>Plats<\/strong>: Frist\u00e5ende<\/p>\n<p><strong>Netto ugnsutrymme (ltr):<\/strong> 73 liter<\/p>\n<p><strong>Energiklass:<\/strong> A<\/p>\n<p><strong>Energif\u00f6rbrukning varmluft<\/strong>: 0,82 kWh<\/p>\n<p><strong>Energif\u00f6rbrukning traditionell:<\/strong> 0,95 kWh<\/p>\n<p><strong>Temperaturomr\u00e5de:<\/strong> 50\u00b0C-275\u00b0C<\/p>\n<p><strong>F\u00e4rg: <\/strong>vit<\/p>\n<p><strong>M\u00e5tt<\/strong>: H:90*B:59,6*D:60 cm<\/p>\n<p><strong data-start=\"152\" data-end=\"164\">Sp\u00e4nning<\/strong>: 230V<\/p>\n<p><strong>Vikt:<\/strong> 53 kg<\/p>\n<p><strong>Obs<\/strong>: mindre skada &#8211; kan ha kosmetiska tecken p\u00e5 anv\u00e4ndning <em>(repor, sm\u00e5 bucklor eller m\u00e4rken) <\/em>se bilder<\/p>\n<p><strong data-start=\"0\" data-end=\"11\" data-is-only-node=\"\">Ladda ner manualer\ud83e\udc7b<\/strong><\/p>\n<p><a href=\"https:\/\/images2.wagcdn.com\/f\/pimberly\/VKK60010HV-6620f027cb0e270018c0b232.pdf\">Anv\u00e4ndarhandbok<\/a><\/p>","protected":false},"excerpt":{"rendered":"<p><strong>Begagnad- VOSS keramikh\u00e4ll VKK60010HV<br \/>\nGaranti: <\/strong>24 m\u00e5nader<\/p>","protected":false},"featured_media":1261,"template":"","meta":{"inline_featured_image":false,"editor_notices":[]},"product_brand":[],"product_cat":[82,35,42],"product_tag":[],"class_list":{"0":"post-1260","1":"product","2":"type-product","3":"status-publish","4":"has-post-thumbnail","6":"product_cat-voss-brands","7":"product_cat-spis-ugnar-och-mikrovaagsugn","8":"product_cat-spis","9":"pa_bredde-56-60-cm","10":"pa_color-blue","11":"pa_dybde-60-65-cm","12":"pa_energiklasse-a","13":"pa_hoejde-86-92","14":"pa_model-type-glaskeramisk-komfur","15":"pa_ovnrum-netto-over-70-liter","16":"alt-image-hover-enabled","18":"first","19":"instock","20":"taxable","21":"shipping-taxable","22":"purchasable","23":"product-type-simple"},"acf":[],"yoast_head":"<!-- This site is optimized with the Yoast SEO plugin v19.6.1 - https:\/\/yoast.com\/wordpress\/plugins\/seo\/ -->\n<title>USED- VOSS keramikh\u00e4ll VKK60010HV - HHA Re-Export ApS SE<\/title>\n<meta name=\"robots\" content=\"index, follow, max-snippet:-1, max-image-preview:large, max-video-preview:-1\" \/>\n<link rel=\"canonical\" href=\"https:\/\/hhareexport.com\/se\/sv\/p\/used-voss-keramikhall-vkk60010hv\/\" \/>\n<meta property=\"og:locale\" content=\"sv_SE\" \/>\n<meta property=\"og:type\" content=\"article\" \/>\n<meta property=\"og:title\" content=\"USED- VOSS keramikh\u00e4ll VKK60010HV - HHA Re-Export ApS SE\" \/>\n<meta property=\"og:description\" content=\"Begagnad- VOSS keramikh\u00e4ll VKK60010HV Garanti: 24 m\u00e5nader\" \/>\n<meta property=\"og:url\" content=\"https:\/\/hhareexport.com\/se\/sv\/p\/used-voss-keramikhall-vkk60010hv\/\" \/>\n<meta property=\"og:site_name\" content=\"HHA Re-Export ApS SE\" \/>\n<meta property=\"article:modified_time\" content=\"2026-01-12T12:12:11+00:00\" \/>\n<meta property=\"og:image\" content=\"https:\/\/hhareexport.com\/se\/wp-content\/uploads\/sites\/3\/2025\/08\/1-1.jpeg\" \/>\n\t<meta property=\"og:image:width\" content=\"1500\" \/>\n\t<meta property=\"og:image:height\" content=\"1500\" \/>\n\t<meta property=\"og:image:type\" content=\"image\/jpeg\" \/>\n<meta name=\"twitter:card\" content=\"summary_large_image\" \/>\n<meta name=\"twitter:label1\" content=\"Ber\u00e4knad l\u00e4stid\" \/>\n\t<meta name=\"twitter:data1\" content=\"1 minut\" \/>\n<!-- \/ Yoast SEO plugin. -->","yoast_head_json":{"title":"USED- VOSS keramikh\u00e4ll VKK60010HV - HHA Re-Export ApS SE","robots":{"index":"index","follow":"follow","max-snippet":"max-snippet:-1","max-image-preview":"max-image-preview:large","max-video-preview":"max-video-preview:-1"},"canonical":"https:\/\/hhareexport.com\/se\/sv\/p\/used-voss-keramikhall-vkk60010hv\/","og_locale":"sv_SE","og_type":"article","og_title":"USED- VOSS keramikh\u00e4ll VKK60010HV - HHA Re-Export ApS SE","og_description":"Begagnad- VOSS keramikh\u00e4ll VKK60010HV Garanti: 24 m\u00e5nader","og_url":"https:\/\/hhareexport.com\/se\/sv\/p\/used-voss-keramikhall-vkk60010hv\/","og_site_name":"HHA Re-Export ApS SE","article_modified_time":"2026-01-12T12:12:11+00:00","og_image":[{"width":1500,"height":1500,"url":"https:\/\/hhareexport.com\/se\/wp-content\/uploads\/sites\/3\/2025\/08\/1-1.jpeg","type":"image\/jpeg"}],"twitter_card":"summary_large_image","twitter_misc":{"Ber\u00e4knad l\u00e4stid":"1 minut"},"schema":{"@context":"https:\/\/schema.org","@graph":[{"@type":"WebPage","@id":"https:\/\/hhareexport.com\/se\/p\/used-voss-keramikhall-vkk60010hv\/","url":"https:\/\/hhareexport.com\/se\/p\/used-voss-keramikhall-vkk60010hv\/","name":"USED- VOSS keramikh\u00e4ll VKK60010HV - HHA Re-Export ApS SE","isPartOf":{"@id":"https:\/\/hhareexport.com\/se\/#website"},"datePublished":"2025-08-20T08:41:26+00:00","dateModified":"2026-01-12T12:12:11+00:00","breadcrumb":{"@id":"https:\/\/hhareexport.com\/se\/p\/used-voss-keramikhall-vkk60010hv\/#breadcrumb"},"inLanguage":"sv-SE","potentialAction":[{"@type":"ReadAction","target":["https:\/\/hhareexport.com\/se\/p\/used-voss-keramikhall-vkk60010hv\/"]}]},{"@type":"BreadcrumbList","@id":"https:\/\/hhareexport.com\/se\/p\/used-voss-keramikhall-vkk60010hv\/#breadcrumb","itemListElement":[{"@type":"ListItem","position":1,"name":"Hjem","item":"https:\/\/hhareexport.com\/se\/"},{"@type":"ListItem","position":2,"name":"Butik","item":"https:\/\/hhareexport.com\/se\/butik\/"},{"@type":"ListItem","position":3,"name":"USED- VOSS keramikh\u00e4ll VKK60010HV"}]},{"@type":"WebSite","@id":"https:\/\/hhareexport.com\/se\/#website","url":"https:\/\/hhareexport.com\/se\/","name":"HHA Re-Export ApS SE","description":"","potentialAction":[{"@type":"SearchAction","target":{"@type":"EntryPoint","urlTemplate":"https:\/\/hhareexport.com\/se\/?s={search_term_string}"},"query-input":"required name=search_term_string"}],"inLanguage":"sv-SE"}]}},"_links":{"self":[{"href":"https:\/\/hhareexport.com\/se\/sv\/wp-json\/wp\/v2\/product\/1260","targetHints":{"allow":["GET"]}}],"collection":[{"href":"https:\/\/hhareexport.com\/se\/sv\/wp-json\/wp\/v2\/product"}],"about":[{"href":"https:\/\/hhareexport.com\/se\/sv\/wp-json\/wp\/v2\/types\/product"}],"wp:featuredmedia":[{"embeddable":true,"href":"https:\/\/hhareexport.com\/se\/sv\/wp-json\/wp\/v2\/media\/1261"}],"wp:attachment":[{"href":"https:\/\/hhareexport.com\/se\/sv\/wp-json\/wp\/v2\/media?parent=1260"}],"wp:term":[{"taxonomy":"product_brand","embeddable":true,"href":"https:\/\/hhareexport.com\/se\/sv\/wp-json\/wp\/v2\/product_brand?post=1260"},{"taxonomy":"product_cat","embeddable":true,"href":"https:\/\/hhareexport.com\/se\/sv\/wp-json\/wp\/v2\/product_cat?post=1260"},{"taxonomy":"product_tag","embeddable":true,"href":"https:\/\/hhareexport.com\/se\/sv\/wp-json\/wp\/v2\/product_tag?post=1260"}],"curies":[{"name":"wp","href":"https:\/\/api.w.org\/{rel}","templated":true}]}}