{"id":1255,"date":"2025-08-20T10:31:19","date_gmt":"2025-08-20T08:31:19","guid":{"rendered":"https:\/\/hhareexport.com\/?post_type=product&#038;p=1255"},"modified":"2026-01-18T01:30:32","modified_gmt":"2026-01-18T00:30:32","slug":"used-gorenje-keramikhall-gec6a40wd","status":"publish","type":"product","link":"https:\/\/hhareexport.com\/se\/sv\/p\/used-gorenje-keramikhall-gec6a40wd\/","title":{"rendered":"USED- Gorenje keramikh\u00e4ll GEC6A40WD"},"content":{"rendered":"<p><strong>Gorenje GEC6A40WD<\/strong> \u00e4r en vit glaskeramikh\u00e4ll med 4 HiLight-kokzoner, innovativ HomeMade-form, MultiAir varmluft och praktiska funktioner som Pizza, FrozenBake och AquaClean f\u00f6r enkel reng\u00f6ring och effektiv bakning.<\/p>\n<p><strong>Specifikationer<\/strong><\/p>\n<dl class=\"grid grid-cols-2 py-1 gap-4\">\n<dt><span class=\"font-body text-sm lg:text-base break-words hyphens-auto align-top text-pretty\"><strong>Produkttyp<\/strong>: <\/span>Spis &#8211; elektrisk, glaskeramik<\/dt>\n<\/dl>\n<p><strong>Installationstyp<\/strong>: Frist\u00e5ende<\/p>\n<p><strong>Placering<\/strong>: Frist\u00e5ende<\/p>\n<p><strong>Netto ugnsutrymme (ltr):<\/strong> 71 liter<\/p>\n<p><strong>Energiklass:<\/strong> A<\/p>\n<p><strong>Energif\u00f6rbrukning varmluft<\/strong>: 0,81 kWh<\/p>\n<p><strong>Energif\u00f6rbrukning traditionell:<\/strong> 0,941 kWh<\/p>\n<p><strong>Temperaturomr\u00e5de:<\/strong> 50\u00b0C-275\u00b0C<\/p>\n<p><strong>F\u00e4rg: <\/strong>vit<\/p>\n<p><strong>M\u00e5tt<\/strong>: H:90*B:59,7*D:60 cm<\/p>\n<p><strong data-start=\"152\" data-end=\"164\">Sp\u00e4nning<\/strong>: 230V<\/p>\n<p><strong>Vikt:<\/strong> 48-50 kg<\/p>\n<p><strong>Obs<\/strong>: mindre skada &#8211; kan ha kosmetiska tecken p\u00e5 anv\u00e4ndning <em>(repor, sm\u00e5 bucklor eller m\u00e4rken) <\/em>se bilder<\/p>\n<p><strong data-start=\"0\" data-end=\"11\" data-is-only-node=\"\">Ladda ner manualer\ud83e\udc7b<\/strong><\/p>\n<p><a href=\"https:\/\/partners.gorenje.com\/fts\/GetDigitDoc.aspx?sifra=740760&amp;jezik=da&amp;tipVsebine=1&amp;docName=882465da.pdf\">Anv\u00e4ndarhandbok<\/a><\/p>","protected":false},"excerpt":{"rendered":"<p style=\"text-align: left;\"><strong><img loading=\"lazy\" decoding=\"async\" class=\"alignright size-medium\" src=\"https:\/\/static14.gorenje.com\/mabagor\/imagelib\/product-badge\/7\/0\/7078829f5dd563e9373d7dfc9e05fd52_285369_5.png\" width=\"121\" height=\"60\" \/>USED- Gorenje keramikh\u00e4ll GEC6A40WD<\/strong><\/p>\n<p><strong>Garanti<\/strong>: 24 m\u00e5nader<\/p>","protected":false},"featured_media":1256,"template":"","meta":{"inline_featured_image":false,"editor_notices":[]},"product_brand":[],"product_cat":[35,42,66],"product_tag":[],"class_list":{"0":"post-1255","1":"product","2":"type-product","3":"status-publish","4":"has-post-thumbnail","6":"product_cat-spis-ugnar-och-mikrovaagsugn","7":"product_cat-spis","8":"product_cat-gorenje","9":"pa_bredde-56-60-cm","10":"pa_color-blue","11":"pa_dybde-60-65-cm","12":"pa_energiklasse-a","13":"pa_hoejde-86-92","14":"pa_model-type-glaskeramisk-komfur","15":"pa_ovnrum-netto-over-70-liter","16":"alt-image-hover-enabled","18":"first","19":"instock","20":"taxable","21":"shipping-taxable","22":"purchasable","23":"product-type-simple"},"acf":[],"yoast_head":"<!-- This site is optimized with the Yoast SEO plugin v19.6.1 - https:\/\/yoast.com\/wordpress\/plugins\/seo\/ -->\n<title>USED- Gorenje keramikh\u00e4ll GEC6A40WD - HHA Re-Export ApS SE<\/title>\n<meta name=\"robots\" content=\"index, follow, max-snippet:-1, max-image-preview:large, max-video-preview:-1\" \/>\n<link rel=\"canonical\" href=\"https:\/\/hhareexport.com\/se\/sv\/p\/used-gorenje-keramikhall-gec6a40wd\/\" \/>\n<meta property=\"og:locale\" content=\"sv_SE\" \/>\n<meta property=\"og:type\" content=\"article\" \/>\n<meta property=\"og:title\" content=\"USED- Gorenje keramikh\u00e4ll GEC6A40WD - HHA Re-Export ApS SE\" \/>\n<meta property=\"og:description\" content=\"USED- Gorenje keramikh\u00e4ll GEC6A40WD Garanti: 24 m\u00e5nader\" \/>\n<meta property=\"og:url\" content=\"https:\/\/hhareexport.com\/se\/sv\/p\/used-gorenje-keramikhall-gec6a40wd\/\" \/>\n<meta property=\"og:site_name\" content=\"HHA Re-Export ApS SE\" \/>\n<meta property=\"article:modified_time\" content=\"2026-01-18T00:30:32+00:00\" \/>\n<meta property=\"og:image\" content=\"https:\/\/hhareexport.com\/se\/wp-content\/uploads\/sites\/3\/2025\/08\/1-12.webp\" \/>\n\t<meta property=\"og:image:width\" content=\"600\" \/>\n\t<meta property=\"og:image:height\" content=\"600\" \/>\n\t<meta property=\"og:image:type\" content=\"image\/webp\" \/>\n<meta name=\"twitter:card\" content=\"summary_large_image\" \/>\n<meta name=\"twitter:label1\" content=\"Ber\u00e4knad l\u00e4stid\" \/>\n\t<meta name=\"twitter:data1\" content=\"1 minut\" \/>\n<!-- \/ Yoast SEO plugin. -->","yoast_head_json":{"title":"USED- Gorenje keramikh\u00e4ll GEC6A40WD - HHA Re-Export ApS SE","robots":{"index":"index","follow":"follow","max-snippet":"max-snippet:-1","max-image-preview":"max-image-preview:large","max-video-preview":"max-video-preview:-1"},"canonical":"https:\/\/hhareexport.com\/se\/sv\/p\/used-gorenje-keramikhall-gec6a40wd\/","og_locale":"sv_SE","og_type":"article","og_title":"USED- Gorenje keramikh\u00e4ll GEC6A40WD - HHA Re-Export ApS SE","og_description":"USED- Gorenje keramikh\u00e4ll GEC6A40WD Garanti: 24 m\u00e5nader","og_url":"https:\/\/hhareexport.com\/se\/sv\/p\/used-gorenje-keramikhall-gec6a40wd\/","og_site_name":"HHA Re-Export ApS SE","article_modified_time":"2026-01-18T00:30:32+00:00","og_image":[{"width":600,"height":600,"url":"https:\/\/hhareexport.com\/se\/wp-content\/uploads\/sites\/3\/2025\/08\/1-12.webp","type":"image\/webp"}],"twitter_card":"summary_large_image","twitter_misc":{"Ber\u00e4knad l\u00e4stid":"1 minut"},"schema":{"@context":"https:\/\/schema.org","@graph":[{"@type":"WebPage","@id":"https:\/\/hhareexport.com\/se\/p\/used-gorenje-keramikhall-gec6a40wd\/","url":"https:\/\/hhareexport.com\/se\/p\/used-gorenje-keramikhall-gec6a40wd\/","name":"USED- Gorenje keramikh\u00e4ll GEC6A40WD - HHA Re-Export ApS SE","isPartOf":{"@id":"https:\/\/hhareexport.com\/se\/#website"},"datePublished":"2025-08-20T08:31:19+00:00","dateModified":"2026-01-18T00:30:32+00:00","breadcrumb":{"@id":"https:\/\/hhareexport.com\/se\/p\/used-gorenje-keramikhall-gec6a40wd\/#breadcrumb"},"inLanguage":"sv-SE","potentialAction":[{"@type":"ReadAction","target":["https:\/\/hhareexport.com\/se\/p\/used-gorenje-keramikhall-gec6a40wd\/"]}]},{"@type":"BreadcrumbList","@id":"https:\/\/hhareexport.com\/se\/p\/used-gorenje-keramikhall-gec6a40wd\/#breadcrumb","itemListElement":[{"@type":"ListItem","position":1,"name":"Hjem","item":"https:\/\/hhareexport.com\/se\/"},{"@type":"ListItem","position":2,"name":"Butik","item":"https:\/\/hhareexport.com\/se\/butik\/"},{"@type":"ListItem","position":3,"name":"USED- Gorenje keramikh\u00e4ll GEC6A40WD"}]},{"@type":"WebSite","@id":"https:\/\/hhareexport.com\/se\/#website","url":"https:\/\/hhareexport.com\/se\/","name":"HHA Re-Export ApS SE","description":"","potentialAction":[{"@type":"SearchAction","target":{"@type":"EntryPoint","urlTemplate":"https:\/\/hhareexport.com\/se\/?s={search_term_string}"},"query-input":"required name=search_term_string"}],"inLanguage":"sv-SE"}]}},"_links":{"self":[{"href":"https:\/\/hhareexport.com\/se\/sv\/wp-json\/wp\/v2\/product\/1255","targetHints":{"allow":["GET"]}}],"collection":[{"href":"https:\/\/hhareexport.com\/se\/sv\/wp-json\/wp\/v2\/product"}],"about":[{"href":"https:\/\/hhareexport.com\/se\/sv\/wp-json\/wp\/v2\/types\/product"}],"wp:featuredmedia":[{"embeddable":true,"href":"https:\/\/hhareexport.com\/se\/sv\/wp-json\/wp\/v2\/media\/1256"}],"wp:attachment":[{"href":"https:\/\/hhareexport.com\/se\/sv\/wp-json\/wp\/v2\/media?parent=1255"}],"wp:term":[{"taxonomy":"product_brand","embeddable":true,"href":"https:\/\/hhareexport.com\/se\/sv\/wp-json\/wp\/v2\/product_brand?post=1255"},{"taxonomy":"product_cat","embeddable":true,"href":"https:\/\/hhareexport.com\/se\/sv\/wp-json\/wp\/v2\/product_cat?post=1255"},{"taxonomy":"product_tag","embeddable":true,"href":"https:\/\/hhareexport.com\/se\/sv\/wp-json\/wp\/v2\/product_tag?post=1255"}],"curies":[{"name":"wp","href":"https:\/\/api.w.org\/{rel}","templated":true}]}}