{"id":1249,"date":"2025-08-20T10:22:27","date_gmt":"2025-08-20T08:22:27","guid":{"rendered":"https:\/\/hhareexport.com\/?post_type=product&#038;p=1249"},"modified":"2026-01-18T01:34:31","modified_gmt":"2026-01-18T00:34:31","slug":"used-siemens-undermonterad-diskmaskin-sn43hw33vs","status":"publish","type":"product","link":"https:\/\/hhareexport.com\/se\/sv\/p\/used-siemens-undermonterad-diskmaskin-sn43hw33vs\/","title":{"rendered":"USED- Siemens undermonterad diskmaskin SN43HW33VS"},"content":{"rendered":"<p><strong>Siemens SN43HW33VS iQ300<\/strong> \u00e4r en undermonterad diskmaskin med Home Connect (Wi-Fi), VarioSpeed Plus och VarioDrawer bestickl\u00e5da. Den kombinerar l\u00e5g vattenf\u00f6rbrukning, tyst drift och flexibel layout &#8211; perfekt f\u00f6r det moderna k\u00f6ket.<\/p>\n<p><strong data-start=\"147\" data-end=\"160\">Kapacitet<\/strong>: <span class=\"relative -mx-px my-[-0.2rem] rounded px-px py-[0.2rem] transition-colors duration-100 ease-in-out\">13 kuvert<\/span><\/p>\n<p data-start=\"202\" data-end=\"223\"><strong data-start=\"202\" data-end=\"218\">Energiklass<\/strong>: D<\/p>\n<p data-start=\"226\" data-end=\"291\"><strong data-start=\"226\" data-end=\"250\">\u00c5rlig energif\u00f6rbrukning (per 100 cykler)<\/strong>: 84<span class=\"relative -mx-px my-[-0.2rem] rounded px-px py-[0.2rem] transition-colors duration-100 ease-in-out\"> kWh<\/span><\/p>\n<p data-start=\"294\" data-end=\"357\"><strong data-start=\"294\" data-end=\"316\">\u00c5rlig vattenf\u00f6rbrukning<\/strong>: <span class=\"relative -mx-px my-[-0.2rem] rounded px-px py-[0.2rem] transition-colors duration-100 ease-in-out\">2.665 liter<\/span><\/p>\n<p data-start=\"360\" data-end=\"414\"><strong data-start=\"360\" data-end=\"373\">Ljudniv\u00e5<\/strong>: <span class=\"relative -mx-px my-[-0.2rem] rounded px-px py-[0.2rem] transition-colors duration-100 ease-in-out\">46 dB<\/span><\/p>\n<p data-start=\"417\" data-end=\"433\"><strong data-start=\"417\" data-end=\"430\">Torkprestanda<\/strong>: v\u00e4rmehandskar (h\u00f6g effektivitet)<\/p>\n<p data-start=\"436\" data-end=\"503\"><strong data-start=\"436\" data-end=\"462\">Vattenf\u00f6rbrukning per cykel<\/strong>: <span class=\"relative -mx-px my-[-0.2rem] rounded px-px py-[0.2rem] transition-colors duration-100 ease-in-out\">9,5 liter<\/span><\/p>\n<p data-start=\"506\" data-end=\"575\"><strong data-start=\"506\" data-end=\"534\">Energif\u00f6rbrukning per cykel<\/strong>: <span class=\"relative -mx-px my-[-0.2rem] rounded px-px py-[0.2rem] transition-colors duration-100 ease-in-out\">0,84 kWh<\/span><\/p>\n<p data-start=\"578\" data-end=\"649\"><strong data-start=\"578\" data-end=\"608\">Programmets varaktighet (Eco 50\u00b0C)<\/strong>: <span class=\"relative -mx-px my-[-0.2rem] rounded px-px py-[0.2rem] transition-colors duration-100 ease-in-out\">270 minuter<\/span><\/p>\n<p data-start=\"578\" data-end=\"649\"><strong data-start=\"1368\" data-end=\"1382\">Program<\/strong>: 6<\/p>\n<p data-start=\"891\" data-end=\"940\"><strong data-start=\"891\" data-end=\"899\">Vikt<\/strong>: <span class=\"relative -mx-px my-[-0.2rem] rounded px-px py-[0.2rem] transition-colors duration-100 ease-in-out\">35,7 kg<\/span><\/p>\n<p data-start=\"943\" data-end=\"1011\"><strong data-start=\"943\" data-end=\"970\">M\u00e5tt<\/strong>: H81<span class=\"relative -mx-px my-[-0.2rem] rounded px-px py-[0.2rem] transition-colors duration-100 ease-in-out\">,5 x B59,8 x D57,3 cm<\/span><\/p>\n<p data-start=\"943\" data-end=\"1011\"><strong>Obs<\/strong>: Kan ha kosmetiska tecken p\u00e5 slitage <em>(repor, sm\u00e5 bucklor eller m\u00e4rken<\/em>)<\/p>\n<p data-start=\"943\" data-end=\"1011\"><strong data-start=\"0\" data-end=\"11\" data-is-only-node=\"\">Nedladdning av manualer\ud83e\udc7b<\/strong><\/p>\n<p data-start=\"943\" data-end=\"1011\"><a href=\"https:\/\/media3.bsh-group.com\/Documents\/9001545073_B.pdf\">Anv\u00e4ndarhandbok<\/a><\/p>\n<p data-start=\"943\" data-end=\"1011\">","protected":false},"excerpt":{"rendered":"<p><strong>USED- Siemens underrede SN43HW33VS<\/strong><\/p>\n<p><strong>Garanti<\/strong>: 24 m\u00e5nader<img loading=\"lazy\" decoding=\"async\" class=\"alignright size-medium\" src=\"https:\/\/www.hvidevareland.dk\/Files\/Templates\/Designs\/hvidevareland\/assets\/img\/labels\/label_C_right.svg\" width=\"273\" height=\"150\" \/><\/p>","protected":false},"featured_media":1250,"template":"","meta":{"inline_featured_image":false,"editor_notices":[]},"product_brand":[],"product_cat":[41,71],"product_tag":[],"class_list":{"0":"post-1249","1":"product","2":"type-product","3":"status-publish","4":"has-post-thumbnail","6":"product_cat-diskmaskin","7":"product_cat-siemens","8":"pa_antal-programmer-6-7","9":"pa_bredde-56-60-cm","10":"pa_color-blue","11":"pa_dybde-55-59-cm","12":"pa_energiklasse-d","13":"pa_hoejde-81-85","14":"pa_lydniveau-45-47-db","15":"alt-image-hover-enabled","17":"first","18":"instock","19":"taxable","20":"shipping-taxable","21":"purchasable","22":"product-type-simple"},"acf":[],"yoast_head":"<!-- This site is optimized with the Yoast SEO plugin v19.6.1 - https:\/\/yoast.com\/wordpress\/plugins\/seo\/ -->\n<title>USED- Siemens undermonterad diskmaskin SN43HW33VS - HHA Re-Export ApS SE<\/title>\n<meta name=\"robots\" content=\"index, follow, max-snippet:-1, max-image-preview:large, max-video-preview:-1\" \/>\n<link rel=\"canonical\" href=\"https:\/\/hhareexport.com\/se\/sv\/p\/used-siemens-undermonterad-diskmaskin-sn43hw33vs\/\" \/>\n<meta property=\"og:locale\" content=\"sv_SE\" \/>\n<meta property=\"og:type\" content=\"article\" \/>\n<meta property=\"og:title\" content=\"USED- Siemens undermonterad diskmaskin SN43HW33VS - HHA Re-Export ApS SE\" \/>\n<meta property=\"og:description\" content=\"USED- Siemens underrede SN43HW33VS  Garanti: 24 m\u00e5nader\" \/>\n<meta property=\"og:url\" content=\"https:\/\/hhareexport.com\/se\/sv\/p\/used-siemens-undermonterad-diskmaskin-sn43hw33vs\/\" \/>\n<meta property=\"og:site_name\" content=\"HHA Re-Export ApS SE\" \/>\n<meta property=\"article:modified_time\" content=\"2026-01-18T00:34:31+00:00\" \/>\n<meta property=\"og:image\" content=\"https:\/\/hhareexport.com\/se\/wp-content\/uploads\/sites\/3\/2025\/08\/1-14.jpg\" \/>\n\t<meta property=\"og:image:width\" content=\"1000\" \/>\n\t<meta property=\"og:image:height\" content=\"1000\" \/>\n\t<meta property=\"og:image:type\" content=\"image\/jpeg\" \/>\n<meta name=\"twitter:card\" content=\"summary_large_image\" \/>\n<meta name=\"twitter:label1\" content=\"Ber\u00e4knad l\u00e4stid\" \/>\n\t<meta name=\"twitter:data1\" content=\"1 minut\" \/>\n<!-- \/ Yoast SEO plugin. -->","yoast_head_json":{"title":"USED- Siemens undermonterad diskmaskin SN43HW33VS - HHA Re-Export ApS SE","robots":{"index":"index","follow":"follow","max-snippet":"max-snippet:-1","max-image-preview":"max-image-preview:large","max-video-preview":"max-video-preview:-1"},"canonical":"https:\/\/hhareexport.com\/se\/sv\/p\/used-siemens-undermonterad-diskmaskin-sn43hw33vs\/","og_locale":"sv_SE","og_type":"article","og_title":"USED- Siemens undermonterad diskmaskin SN43HW33VS - HHA Re-Export ApS SE","og_description":"USED- Siemens underrede SN43HW33VS  Garanti: 24 m\u00e5nader","og_url":"https:\/\/hhareexport.com\/se\/sv\/p\/used-siemens-undermonterad-diskmaskin-sn43hw33vs\/","og_site_name":"HHA Re-Export ApS SE","article_modified_time":"2026-01-18T00:34:31+00:00","og_image":[{"width":1000,"height":1000,"url":"https:\/\/hhareexport.com\/se\/wp-content\/uploads\/sites\/3\/2025\/08\/1-14.jpg","type":"image\/jpeg"}],"twitter_card":"summary_large_image","twitter_misc":{"Ber\u00e4knad l\u00e4stid":"1 minut"},"schema":{"@context":"https:\/\/schema.org","@graph":[{"@type":"WebPage","@id":"https:\/\/hhareexport.com\/se\/p\/used-siemens-undermonterad-diskmaskin-sn43hw33vs\/","url":"https:\/\/hhareexport.com\/se\/p\/used-siemens-undermonterad-diskmaskin-sn43hw33vs\/","name":"USED- Siemens undermonterad diskmaskin SN43HW33VS - HHA Re-Export ApS SE","isPartOf":{"@id":"https:\/\/hhareexport.com\/se\/#website"},"datePublished":"2025-08-20T08:22:27+00:00","dateModified":"2026-01-18T00:34:31+00:00","breadcrumb":{"@id":"https:\/\/hhareexport.com\/se\/p\/used-siemens-undermonterad-diskmaskin-sn43hw33vs\/#breadcrumb"},"inLanguage":"sv-SE","potentialAction":[{"@type":"ReadAction","target":["https:\/\/hhareexport.com\/se\/p\/used-siemens-undermonterad-diskmaskin-sn43hw33vs\/"]}]},{"@type":"BreadcrumbList","@id":"https:\/\/hhareexport.com\/se\/p\/used-siemens-undermonterad-diskmaskin-sn43hw33vs\/#breadcrumb","itemListElement":[{"@type":"ListItem","position":1,"name":"Hjem","item":"https:\/\/hhareexport.com\/se\/"},{"@type":"ListItem","position":2,"name":"Butik","item":"https:\/\/hhareexport.com\/se\/butik\/"},{"@type":"ListItem","position":3,"name":"USED- Siemens undermonterad diskmaskin SN43HW33VS"}]},{"@type":"WebSite","@id":"https:\/\/hhareexport.com\/se\/#website","url":"https:\/\/hhareexport.com\/se\/","name":"HHA Re-Export ApS SE","description":"","potentialAction":[{"@type":"SearchAction","target":{"@type":"EntryPoint","urlTemplate":"https:\/\/hhareexport.com\/se\/?s={search_term_string}"},"query-input":"required name=search_term_string"}],"inLanguage":"sv-SE"}]}},"_links":{"self":[{"href":"https:\/\/hhareexport.com\/se\/sv\/wp-json\/wp\/v2\/product\/1249","targetHints":{"allow":["GET"]}}],"collection":[{"href":"https:\/\/hhareexport.com\/se\/sv\/wp-json\/wp\/v2\/product"}],"about":[{"href":"https:\/\/hhareexport.com\/se\/sv\/wp-json\/wp\/v2\/types\/product"}],"wp:featuredmedia":[{"embeddable":true,"href":"https:\/\/hhareexport.com\/se\/sv\/wp-json\/wp\/v2\/media\/1250"}],"wp:attachment":[{"href":"https:\/\/hhareexport.com\/se\/sv\/wp-json\/wp\/v2\/media?parent=1249"}],"wp:term":[{"taxonomy":"product_brand","embeddable":true,"href":"https:\/\/hhareexport.com\/se\/sv\/wp-json\/wp\/v2\/product_brand?post=1249"},{"taxonomy":"product_cat","embeddable":true,"href":"https:\/\/hhareexport.com\/se\/sv\/wp-json\/wp\/v2\/product_cat?post=1249"},{"taxonomy":"product_tag","embeddable":true,"href":"https:\/\/hhareexport.com\/se\/sv\/wp-json\/wp\/v2\/product_tag?post=1249"}],"curies":[{"name":"wp","href":"https:\/\/api.w.org\/{rel}","templated":true}]}}