{"id":9,"date":"2021-05-19T11:12:03","date_gmt":"2021-05-19T09:12:03","guid":{"rendered":"https:\/\/hhareexport.com\/cookie-politik\/"},"modified":"2025-11-03T12:58:57","modified_gmt":"2025-11-03T11:58:57","slug":"policy-for-cookies","status":"publish","type":"page","link":"https:\/\/hhareexport.com\/se\/sv\/policy-for-cookies\/","title":{"rendered":"Policy f\u00f6r cookies"},"content":{"rendered":"<p><strong>Anv\u00e4ndning av cookies<\/strong><\/p>\n<p>H\u00e4r kan du l\u00e4sa HHA Re-Export ApS SE policy f\u00f6r anv\u00e4ndning av cookies vid bes\u00f6k p\u00e5 hhareexport.com\/se\/sv. Genom att bes\u00f6ka HHA Re-Export ApS SE webbplats accepterar du cookiepolicyn nedan.<\/p>\n<p><a href=\"https:\/\/hhareexport.com\/se\/sv\/integritetspolicy\/\">Klicka h\u00e4r f\u00f6r att g\u00e5 till integritetspolicyn<\/a><\/p>\n<h2>Vad \u00e4r en cookie?<\/h2>\n<p>En cookie \u00e4r en liten textfil som lagras i webbl\u00e4saren p\u00e5 din dator, smartphone, iPad eller vad du nu anv\u00e4nder f\u00f6r att g\u00e5 ut p\u00e5 n\u00e4tet. Cookies g\u00f6r det m\u00f6jligt att identifiera din dator m.m. och samla in information om ditt beteende p\u00e5 n\u00e4tet, bl.a. vilka sidor och funktioner som bes\u00f6ks med din webbl\u00e4sare, samt se till att den fungerar tekniskt. I vissa fall \u00e4r cookies n\u00f6dv\u00e4ndiga f\u00f6r att en webbplats ska fungera p\u00e5 avsett s\u00e4tt. En cookie \u00e4r statisk och kan inte sprida datavirus eller p\u00e5 annat s\u00e4tt distribuera skadliga program. Den \u00e4r anonym och inneh\u00e5ller inga personuppgifter. Cookies anv\u00e4nds av i stort sett alla webbplatser.<\/p>\n<h2>Olika typer av cookies<\/h2>\n<p>Det finns tv\u00e5 typer av cookies: sessionscookies och permanenta cookies. Sessionscookies raderas automatiskt fr\u00e5n webbl\u00e4saren n\u00e4r du st\u00e4nger den. Permanenta cookies lagras p\u00e5 din enhet under en viss tidsperiod, varefter de upph\u00f6r att g\u00e4lla.<\/p>\n<p>Det g\u00f6rs ocks\u00e5 en \u00e5tskillnad mellan f\u00f6rstapartscookies och tredjepartscookies. F\u00f6rstapartscookies s\u00e4tts av den webbplats du bes\u00f6ker, medan tredjepartscookies s\u00e4tts av en tredje part som har element inb\u00e4ddade p\u00e5 den webbplats du bes\u00f6ker. Tredjepartscookies s\u00e4tts av webbanalysprogram som Google Analytics och WebTrends.<\/p>\n<p>Denna cookiepolicy g\u00e4ller endast f\u00f6r hhareexport.com\/se\/sv. N\u00e4r du klickar p\u00e5 funktioner som navigerar till andra webbplatser har HHA Re-Export ApS SE inget ansvar f\u00f6r eller kontroll \u00f6ver vilka cookies som anv\u00e4nds.<\/p>\n<h2>Cookies p\u00e5 hhareexport.com\/se\/sv<\/h2>\n<div class=\"cookie-manager--cookie-table\" data-cookie-declaration=\"\"><\/div>\n<p>Ingen hittades &#8211; listar vanliga cookies<\/p>\n<h2>Hur du undviker eller tar bort cookies<\/h2>\n<p>Om du inte vill ha cookies fr\u00e5n hhareexport.com\/se\/sv kan du alltid blockera alla cookies, radera befintliga cookies p\u00e5 din dator eller f\u00e5 en varning innan en cookie lagras. I alla webbl\u00e4sare kan du radera cookies individuellt eller alla p\u00e5 en g\u00e5ng. Hur du g\u00f6r detta beror p\u00e5 vilken webbl\u00e4sare du anv\u00e4nder. F\u00f6lj l\u00e4nkarna nedan f\u00f6r instruktioner f\u00f6r din webbl\u00e4sare. T\u00e4nk p\u00e5 att om du anv\u00e4nder flera webbl\u00e4sare m\u00e5ste du radera cookies i dem alla.<\/p>\n<ul>\n<li><a href=\"http:\/\/windows.microsoft.com\/da-DK\/windows-vista\/Delete-your-Internet-cookies\" target=\"_blank\" rel=\"noopener\">S\u00e5 h\u00e4r tar du bort cookies i Microsoft Internet Explorer<\/a><\/li>\n<li><a href=\"https:\/\/support.apple.com\/kb\/PH17191\" target=\"_blank\" rel=\"noopener\">S\u00e5 h\u00e4r raderar du cookies i webbl\u00e4saren Safari<\/a><\/li>\n<li><a href=\"http:\/\/support.google.com\/chrome\/bin\/answer.py?hl=da&amp;answer=95647\" target=\"_blank\" rel=\"noopener\">Guide f\u00f6r att radera cookies i webbl\u00e4saren Google Chrome<\/a><\/li>\n<li><a href=\"http:\/\/support.mozilla.org\/da\/kb\/delete-cookies-remove-info-websites-stored?redirectlocale=en-US&amp;redirectslug=Deleting+cookies\" target=\"_blank\" rel=\"noopener\">Guide f\u00f6r att radera cookies i webbl\u00e4saren Mozilla Firefox<\/a><\/li>\n<li><a href=\"http:\/\/timeread.hubpages.com\/hub\/How-to-delete-internet-cookies-on-your-Droid-or-any-Android-device\" target=\"_blank\" rel=\"noopener\">Guide f\u00f6r att radera cookies fr\u00e5n Android-telefoner<\/a><\/li>\n<li><a href=\"http:\/\/help.opera.com\/Windows\/9.51\/da\/cookies.html\" target=\"_blank\" rel=\"noopener\">Guide f\u00f6r att radera cookies i webbl\u00e4saren Opera<\/a><\/li>\n<li><a href=\"http:\/\/support.apple.com\/kb\/HT1677?viewlocale=da_DK\" target=\"_blank\" rel=\"noopener\">Guide f\u00f6r att radera cookies p\u00e5 iPad, iPhone, iPod touch<\/a><\/li>\n<li><a href=\"https:\/\/kb.wisc.edu\/page.php?id=24078\" target=\"_blank\" rel=\"noopener\">Guide f\u00f6r att radera cookies fr\u00e5n Windows Phone<\/a><\/li>\n<\/ul>\n<h2>Vad h\u00e4nder om du inte accepterar eller tar bort cookies<\/h2>\n<p>Om du v\u00e4ljer att blockera alla cookies eller radera befintliga cookies p\u00e5 din dator kan du fortfarande l\u00e4sa text p\u00e5 hhareexport.com\/se\/sv. Det kan dock finnas funktioner och tj\u00e4nster som du inte kan anv\u00e4nda eftersom de kr\u00e4ver att webbplatsen kommer ih\u00e5g de val du g\u00f6r.<\/p>\n<h2>Regler och best\u00e4mmelser<\/h2>\n<p>De regler som g\u00e4ller f\u00f6r HHA Re-Export ApS SE anv\u00e4ndning av cookies hittar du nedan.<\/p>\n<p><a href=\"https:\/\/www.retsinformation.dk\/Forms\/R0710.aspx?id=139279\" target=\"_blank\" rel=\"noopener\">F\u00f6rordning om cookies<\/a><br \/>\n<a href=\"https:\/\/erhvervsstyrelsen.dk\/cookie-loven\" target=\"_blank\" rel=\"noopener\">V\u00e4gledning om cookies<\/a><\/p>\n<h2>Kontakta oss p\u00e5<\/h2>\n<p>Om du har n\u00e5gra ytterligare fr\u00e5gor om anv\u00e4ndningen av cookies, v\u00e4nligen kontakta oss p\u00e5 hhareexport.com\/se\/sv.<\/p>","protected":false},"excerpt":{"rendered":"<p>Anv\u00e4ndning av cookies H\u00e4r kan du l\u00e4sa policy f\u00f6r anv\u00e4ndning av cookies vid bes\u00f6k p\u00e5 . Genom att bes\u00f6ka webbplats accepterar du cookiepolicyn nedan. Klicka h\u00e4r f\u00f6r att g\u00e5 till integritetspolicyn Vad \u00e4r en cookie? En cookie \u00e4r en liten textfil som lagras i webbl\u00e4saren p\u00e5 din dator, smartphone, iPad eller vad du nu anv\u00e4nder [&hellip;]<\/p>","protected":false},"author":1,"featured_media":0,"parent":0,"menu_order":0,"comment_status":"closed","ping_status":"closed","template":"","meta":{"inline_featured_image":false,"editor_notices":[],"footnotes":""},"class_list":["post-9","page","type-page","status-publish","hentry"],"acf":[],"yoast_head":"<!-- This site is optimized with the Yoast SEO plugin v19.6.1 - https:\/\/yoast.com\/wordpress\/plugins\/seo\/ -->\n<title>Policy f\u00f6r cookies - HHA Re-Export ApS SE<\/title>\n<meta name=\"robots\" content=\"index, follow, max-snippet:-1, max-image-preview:large, max-video-preview:-1\" \/>\n<link rel=\"canonical\" href=\"https:\/\/hhareexport.com\/se\/sv\/policy-for-cookies\/\" \/>\n<meta property=\"og:locale\" content=\"sv_SE\" \/>\n<meta property=\"og:type\" content=\"article\" \/>\n<meta property=\"og:title\" content=\"Policy f\u00f6r cookies - HHA Re-Export ApS SE\" \/>\n<meta property=\"og:description\" content=\"Anv\u00e4ndning av cookies H\u00e4r kan du l\u00e4sa policy f\u00f6r anv\u00e4ndning av cookies vid bes\u00f6k p\u00e5 . Genom att bes\u00f6ka webbplats accepterar du cookiepolicyn nedan. Klicka h\u00e4r f\u00f6r att g\u00e5 till integritetspolicyn Vad \u00e4r en cookie? En cookie \u00e4r en liten textfil som lagras i webbl\u00e4saren p\u00e5 din dator, smartphone, iPad eller vad du nu anv\u00e4nder [&hellip;]\" \/>\n<meta property=\"og:url\" content=\"https:\/\/hhareexport.com\/se\/sv\/policy-for-cookies\/\" \/>\n<meta property=\"og:site_name\" content=\"HHA Re-Export ApS SE\" \/>\n<meta property=\"article:modified_time\" content=\"2025-11-03T11:58:57+00:00\" \/>\n<meta name=\"twitter:card\" content=\"summary_large_image\" \/>\n<meta name=\"twitter:label1\" content=\"Ber\u00e4knad l\u00e4stid\" \/>\n\t<meta name=\"twitter:data1\" content=\"4 minuter\" \/>\n<!-- \/ Yoast SEO plugin. -->","yoast_head_json":{"title":"Policy f\u00f6r cookies - HHA Re-Export ApS SE","robots":{"index":"index","follow":"follow","max-snippet":"max-snippet:-1","max-image-preview":"max-image-preview:large","max-video-preview":"max-video-preview:-1"},"canonical":"https:\/\/hhareexport.com\/se\/sv\/policy-for-cookies\/","og_locale":"sv_SE","og_type":"article","og_title":"Policy f\u00f6r cookies - HHA Re-Export ApS SE","og_description":"Anv\u00e4ndning av cookies H\u00e4r kan du l\u00e4sa policy f\u00f6r anv\u00e4ndning av cookies vid bes\u00f6k p\u00e5 . Genom att bes\u00f6ka webbplats accepterar du cookiepolicyn nedan. Klicka h\u00e4r f\u00f6r att g\u00e5 till integritetspolicyn Vad \u00e4r en cookie? En cookie \u00e4r en liten textfil som lagras i webbl\u00e4saren p\u00e5 din dator, smartphone, iPad eller vad du nu anv\u00e4nder [&hellip;]","og_url":"https:\/\/hhareexport.com\/se\/sv\/policy-for-cookies\/","og_site_name":"HHA Re-Export ApS SE","article_modified_time":"2025-11-03T11:58:57+00:00","twitter_card":"summary_large_image","twitter_misc":{"Ber\u00e4knad l\u00e4stid":"4 minuter"},"schema":{"@context":"https:\/\/schema.org","@graph":[{"@type":"WebPage","@id":"https:\/\/hhareexport.com\/se\/policy-for-cookies\/","url":"https:\/\/hhareexport.com\/se\/policy-for-cookies\/","name":"Policy f\u00f6r cookies - HHA Re-Export ApS SE","isPartOf":{"@id":"https:\/\/hhareexport.com\/se\/#website"},"datePublished":"2021-05-19T09:12:03+00:00","dateModified":"2025-11-03T11:58:57+00:00","breadcrumb":{"@id":"https:\/\/hhareexport.com\/se\/policy-for-cookies\/#breadcrumb"},"inLanguage":"sv-SE","potentialAction":[{"@type":"ReadAction","target":["https:\/\/hhareexport.com\/se\/policy-for-cookies\/"]}]},{"@type":"BreadcrumbList","@id":"https:\/\/hhareexport.com\/se\/policy-for-cookies\/#breadcrumb","itemListElement":[{"@type":"ListItem","position":1,"name":"Hjem","item":"https:\/\/hhareexport.com\/se\/"},{"@type":"ListItem","position":2,"name":"Policy f\u00f6r cookies"}]},{"@type":"WebSite","@id":"https:\/\/hhareexport.com\/se\/#website","url":"https:\/\/hhareexport.com\/se\/","name":"HHA Re-Export ApS SE","description":"","potentialAction":[{"@type":"SearchAction","target":{"@type":"EntryPoint","urlTemplate":"https:\/\/hhareexport.com\/se\/?s={search_term_string}"},"query-input":"required name=search_term_string"}],"inLanguage":"sv-SE"}]}},"_links":{"self":[{"href":"https:\/\/hhareexport.com\/se\/sv\/wp-json\/wp\/v2\/pages\/9","targetHints":{"allow":["GET"]}}],"collection":[{"href":"https:\/\/hhareexport.com\/se\/sv\/wp-json\/wp\/v2\/pages"}],"about":[{"href":"https:\/\/hhareexport.com\/se\/sv\/wp-json\/wp\/v2\/types\/page"}],"author":[{"embeddable":true,"href":"https:\/\/hhareexport.com\/se\/sv\/wp-json\/wp\/v2\/users\/1"}],"replies":[{"embeddable":true,"href":"https:\/\/hhareexport.com\/se\/sv\/wp-json\/wp\/v2\/comments?post=9"}],"version-history":[{"count":1,"href":"https:\/\/hhareexport.com\/se\/sv\/wp-json\/wp\/v2\/pages\/9\/revisions"}],"predecessor-version":[{"id":144,"href":"https:\/\/hhareexport.com\/se\/sv\/wp-json\/wp\/v2\/pages\/9\/revisions\/144"}],"wp:attachment":[{"href":"https:\/\/hhareexport.com\/se\/sv\/wp-json\/wp\/v2\/media?parent=9"}],"curies":[{"name":"wp","href":"https:\/\/api.w.org\/{rel}","templated":true}]}}